{"id":12678,"date":"2022-01-20T05:25:40","date_gmt":"2022-01-20T05:25:40","guid":{"rendered":"https:\/\/latam.achesongroup.com\/?page_id=12678"},"modified":"2022-11-16T10:48:46","modified_gmt":"2022-11-16T10:48:46","slug":"nuestros-servicios","status":"publish","type":"page","link":"https:\/\/latam.achesongroup.com\/en\/nuestros-servicios\/","title":{"rendered":"Our Services"},"content":{"rendered":"<div data-elementor-type=\"wp-page\" data-elementor-id=\"12678\" class=\"elementor elementor-12678\" data-elementor-post-type=\"page\">\n\t\t\t\t\t\t<section class=\"elementor-section elementor-top-section elementor-element elementor-element-45cf40d elementor-section-height-min-height elementor-section-boxed elementor-section-height-default elementor-section-items-middle\" data-id=\"45cf40d\" data-element_type=\"section\" data-e-type=\"section\" data-settings=\"{&quot;background_background&quot;:&quot;classic&quot;}\">\n\t\t\t\t\t\t\t<div class=\"elementor-background-overlay\"><\/div>\n\t\t\t\t\t\t\t<div class=\"elementor-container elementor-column-gap-default\">\n\t\t\t\t\t<div class=\"elementor-column elementor-col-100 elementor-top-column elementor-element elementor-element-e283a76\" data-id=\"e283a76\" data-element_type=\"column\" data-e-type=\"column\">\n\t\t\t<div class=\"elementor-widget-wrap elementor-element-populated\">\n\t\t\t\t\t\t<div class=\"elementor-element elementor-element-ddd2eb1 elementor-widget elementor-widget-heading\" data-id=\"ddd2eb1\" data-element_type=\"widget\" data-e-type=\"widget\" data-widget_type=\"heading.default\">\n\t\t\t\t<div class=\"elementor-widget-container\">\n\t\t\t\t\t<h2 class=\"elementor-heading-title elementor-size-default\">Our Services<\/h2>\t\t\t\t<\/div>\n\t\t\t\t<\/div>\n\t\t\t\t\t<\/div>\n\t\t<\/div>\n\t\t\t\t\t<\/div>\n\t\t<\/section>\n\t\t\t\t<section class=\"elementor-section elementor-top-section elementor-element elementor-element-aec3994 elementor-section-boxed elementor-section-height-default elementor-section-height-default\" data-id=\"aec3994\" data-element_type=\"section\" data-e-type=\"section\" data-settings=\"{&quot;background_background&quot;:&quot;classic&quot;}\">\n\t\t\t\t\t\t\t<div class=\"elementor-background-overlay\"><\/div>\n\t\t\t\t\t\t\t<div class=\"elementor-container elementor-column-gap-default\">\n\t\t\t\t\t<div class=\"elementor-column elementor-col-100 elementor-top-column elementor-element elementor-element-57f4430\" data-id=\"57f4430\" data-element_type=\"column\" data-e-type=\"column\">\n\t\t\t<div class=\"elementor-widget-wrap elementor-element-populated\">\n\t\t\t\t\t\t<div class=\"elementor-element elementor-element-2449082 elementor-widget elementor-widget-heading\" data-id=\"2449082\" data-element_type=\"widget\" data-e-type=\"widget\" data-widget_type=\"heading.default\">\n\t\t\t\t<div class=\"elementor-widget-container\">\n\t\t\t\t\t<h2 class=\"elementor-heading-title elementor-size-default\">Offering Practical Services\nFood Safety Consulting<\/h2>\t\t\t\t<\/div>\n\t\t\t\t<\/div>\n\t\t\t\t<div class=\"elementor-element elementor-element-53d8d5a elementor-widget elementor-widget-text-editor\" data-id=\"53d8d5a\" data-element_type=\"widget\" data-e-type=\"widget\" data-widget_type=\"text-editor.default\">\n\t\t\t\t<div class=\"elementor-widget-container\">\n\t\t\t\t\t\t\t\t\t<p class=\"font_8\">Building on years of experience helping businesses throughout the food supply chain, TAG Latin America's team of bilingual consultants offer guidance and cost-effective methodologies to help meet your business' immediate needs and long-term goals. .<\/p>\t\t\t\t\t\t\t\t<\/div>\n\t\t\t\t<\/div>\n\t\t\t\t\t<\/div>\n\t\t<\/div>\n\t\t\t\t\t<\/div>\n\t\t<\/section>\n\t\t\t\t<section class=\"elementor-section elementor-top-section elementor-element elementor-element-be39e73 elementor-section-boxed elementor-section-height-default elementor-section-height-default\" data-id=\"be39e73\" data-element_type=\"section\" data-e-type=\"section\" data-settings=\"{&quot;background_background&quot;:&quot;classic&quot;}\">\n\t\t\t\t\t\t<div class=\"elementor-container elementor-column-gap-default\">\n\t\t\t\t\t<div class=\"elementor-column elementor-col-50 elementor-top-column elementor-element elementor-element-993c1be\" data-id=\"993c1be\" data-element_type=\"column\" data-e-type=\"column\">\n\t\t\t<div class=\"elementor-widget-wrap elementor-element-populated\">\n\t\t\t\t\t\t<div class=\"elementor-element elementor-element-83fa36d elementor-widget elementor-widget-saspik_image\" data-id=\"83fa36d\" data-element_type=\"widget\" data-e-type=\"widget\" data-widget_type=\"saspik_image.default\">\n\t\t\t\t<div class=\"elementor-widget-container\">\n\t\t\t\t\t        <div class=\"image-wrapper\">\r\n\t\t\t\t\t\t\t               \t\t<a href=\"#\"  >\r\n\t\t\t\t                    <img decoding=\"async\" class=\"\" src=\"https:\/\/latam.achesongroup.com\/wp-content\/uploads\/2022\/09\/AdobeStock_440182361-scaled-e1663314647351.jpeg\" alt=\"\">\r\n\t\t\t\t                \t<\/a>\r\n\t\t\t\t\t\t\t\r\n\t\t\t\r\n\t\t\t        <\/div>\r\n\t\t\t\t\t\t<\/div>\n\t\t\t\t<\/div>\n\t\t\t\t\t<\/div>\n\t\t<\/div>\n\t\t\t\t<div class=\"elementor-column elementor-col-50 elementor-top-column elementor-element elementor-element-deb725f\" data-id=\"deb725f\" data-element_type=\"column\" data-e-type=\"column\">\n\t\t\t<div class=\"elementor-widget-wrap elementor-element-populated\">\n\t\t\t\t\t\t<div class=\"elementor-element elementor-element-0db2d13 elementor-widget elementor-widget-heading\" data-id=\"0db2d13\" data-element_type=\"widget\" data-e-type=\"widget\" data-widget_type=\"heading.default\">\n\t\t\t\t<div class=\"elementor-widget-container\">\n\t\t\t\t\t<h2 class=\"elementor-heading-title elementor-size-default\">Internal and Supply Chain Controls<\/h2>\t\t\t\t<\/div>\n\t\t\t\t<\/div>\n\t\t\t\t<div class=\"elementor-element elementor-element-b40ee45 elementor-widget elementor-widget-text-editor\" data-id=\"b40ee45\" data-element_type=\"widget\" data-e-type=\"widget\" data-widget_type=\"text-editor.default\">\n\t\t\t\t<div class=\"elementor-widget-container\">\n\t\t\t\t\t\t\t\t\t<ul><li class=\"font_8\">Risk assessments (operational, regulatory, reputational), including specialized analysis and risk management<\/li><\/ul><ul class=\"font_8\"><li><p class=\"font_8\">Food safety plans: development and gap analysis, including environmental and process controls, cross-contamination prevention, and allergen management<\/p><\/li><li><p class=\"font_8\">Best practices and strategies in traceability and food recalls<\/p><\/li><li><p class=\"font_8\">Hygienic design of plants and equipment<\/p><\/li><\/ul><ul><li class=\"font_8\">Preparation for certification in GFSI programs (BRC, SQF, IFS, FSSC 22000)<\/li><\/ul>\t\t\t\t\t\t\t\t<\/div>\n\t\t\t\t<\/div>\n\t\t\t\t\t<\/div>\n\t\t<\/div>\n\t\t\t\t\t<\/div>\n\t\t<\/section>\n\t\t\t\t<section class=\"elementor-section elementor-top-section elementor-element elementor-element-2330893 elementor-section-boxed elementor-section-height-default elementor-section-height-default\" data-id=\"2330893\" data-element_type=\"section\" data-e-type=\"section\">\n\t\t\t\t\t\t<div class=\"elementor-container elementor-column-gap-default\">\n\t\t\t\t\t<div class=\"elementor-column elementor-col-50 elementor-top-column elementor-element elementor-element-4ed89b4\" data-id=\"4ed89b4\" data-element_type=\"column\" data-e-type=\"column\">\n\t\t\t<div class=\"elementor-widget-wrap elementor-element-populated\">\n\t\t\t\t\t\t<div class=\"elementor-element elementor-element-d109b44 elementor-widget elementor-widget-saspik_image\" data-id=\"d109b44\" data-element_type=\"widget\" data-e-type=\"widget\" data-widget_type=\"saspik_image.default\">\n\t\t\t\t<div class=\"elementor-widget-container\">\n\t\t\t\t\t        <div class=\"image-wrapper\">\r\n\t\t\t\t\t\t\t               \t\t<a href=\"#\"  >\r\n\t\t\t\t                    <img decoding=\"async\" class=\"\" src=\"https:\/\/latam.achesongroup.com\/wp-content\/uploads\/2022\/09\/AdobeStock_462743461-scaled-e1663314698582.jpeg\" alt=\"\">\r\n\t\t\t\t                \t<\/a>\r\n\t\t\t\t\t\t\t\r\n\t\t\t\r\n\t\t\t        <\/div>\r\n\t\t\t\t\t\t<\/div>\n\t\t\t\t<\/div>\n\t\t\t\t\t<\/div>\n\t\t<\/div>\n\t\t\t\t<div class=\"elementor-column elementor-col-50 elementor-top-column elementor-element elementor-element-c158ff9\" data-id=\"c158ff9\" data-element_type=\"column\" data-e-type=\"column\">\n\t\t\t<div class=\"elementor-widget-wrap elementor-element-populated\">\n\t\t\t\t\t\t<div class=\"elementor-element elementor-element-49d6ef4 elementor-widget elementor-widget-heading\" data-id=\"49d6ef4\" data-element_type=\"widget\" data-e-type=\"widget\" data-widget_type=\"heading.default\">\n\t\t\t\t<div class=\"elementor-widget-container\">\n\t\t\t\t\t<h2 class=\"elementor-heading-title elementor-size-default\">Navigating FDA, USDA and Canadian Regulations<\/h2>\t\t\t\t<\/div>\n\t\t\t\t<\/div>\n\t\t\t\t<div class=\"elementor-element elementor-element-686695a elementor-widget elementor-widget-text-editor\" data-id=\"686695a\" data-element_type=\"widget\" data-e-type=\"widget\" data-widget_type=\"text-editor.default\">\n\t\t\t\t<div class=\"elementor-widget-container\">\n\t\t\t\t\t\t\t\t\t<ul class=\"font_8\">\n \t<li>\n<p class=\"font_8\">Response to regulatory actions (483, warning letters, import alerts, etc.)<\/p>\n<\/li>\n \t<li>\n<p class=\"font_8\">Training and preparation to face regulatory changes<\/p>\n<\/li>\n \t<li>\n<p class=\"font_8\">FDA\/FSMA Preventive Controls Qualified Individual (PCQI) Training<\/p>\n<\/li>\n \t<li>\n<p class=\"font_8\">FDA Food Safety Modernization Act (FSMA), which includes the Foreign Supplier Verification Program (FSVP)<\/p>\n<\/li>\n \t<li>\n<p class=\"font_8\">US requirements for labeling and food code (restaurants and canteens)<\/p>\n<\/li>\n \t<li>\n<p class=\"font_8\">New Safe Food Regulations in Canada (SFCR)<\/p>\n<\/li>\n \t<li>\n<p class=\"font_8\">Regulatory inspection drills<\/p>\n<\/li>\n<\/ul>\t\t\t\t\t\t\t\t<\/div>\n\t\t\t\t<\/div>\n\t\t\t\t\t<\/div>\n\t\t<\/div>\n\t\t\t\t\t<\/div>\n\t\t<\/section>\n\t\t\t\t<section class=\"elementor-section elementor-top-section elementor-element elementor-element-8ea7597 elementor-section-boxed elementor-section-height-default elementor-section-height-default\" data-id=\"8ea7597\" data-element_type=\"section\" data-e-type=\"section\">\n\t\t\t\t\t\t<div class=\"elementor-container elementor-column-gap-default\">\n\t\t\t\t\t<div class=\"elementor-column elementor-col-50 elementor-top-column elementor-element elementor-element-b89286b\" data-id=\"b89286b\" data-element_type=\"column\" data-e-type=\"column\">\n\t\t\t<div class=\"elementor-widget-wrap elementor-element-populated\">\n\t\t\t\t\t\t<div class=\"elementor-element elementor-element-39155e2 elementor-widget elementor-widget-saspik_image\" data-id=\"39155e2\" data-element_type=\"widget\" data-e-type=\"widget\" data-widget_type=\"saspik_image.default\">\n\t\t\t\t<div class=\"elementor-widget-container\">\n\t\t\t\t\t        <div class=\"image-wrapper\">\r\n\t\t\t\t\t\t\t               \t\t<a href=\"#\"  >\r\n\t\t\t\t                    <img decoding=\"async\" class=\"\" src=\"https:\/\/latam.achesongroup.com\/wp-content\/uploads\/2022\/09\/AdobeStock_410000291-scaled-e1663314672990.jpeg\" alt=\"\">\r\n\t\t\t\t                \t<\/a>\r\n\t\t\t\t\t\t\t\r\n\t\t\t\r\n\t\t\t        <\/div>\r\n\t\t\t\t\t\t<\/div>\n\t\t\t\t<\/div>\n\t\t\t\t\t<\/div>\n\t\t<\/div>\n\t\t\t\t<div class=\"elementor-column elementor-col-50 elementor-top-column elementor-element elementor-element-10b8e1f\" data-id=\"10b8e1f\" data-element_type=\"column\" data-e-type=\"column\">\n\t\t\t<div class=\"elementor-widget-wrap elementor-element-populated\">\n\t\t\t\t\t\t<div class=\"elementor-element elementor-element-d9e43ab elementor-widget elementor-widget-heading\" data-id=\"d9e43ab\" data-element_type=\"widget\" data-e-type=\"widget\" data-widget_type=\"heading.default\">\n\t\t\t\t<div class=\"elementor-widget-container\">\n\t\t\t\t\t<h2 class=\"elementor-heading-title elementor-size-default\">Protecting Your Brand<\/h2>\t\t\t\t<\/div>\n\t\t\t\t<\/div>\n\t\t\t\t<div class=\"elementor-element elementor-element-098b04c elementor-widget elementor-widget-text-editor\" data-id=\"098b04c\" data-element_type=\"widget\" data-e-type=\"widget\" data-widget_type=\"text-editor.default\">\n\t\t\t\t<div class=\"elementor-widget-container\">\n\t\t\t\t\t\t\t\t\t<ul class=\"font_8\"><li><p class=\"font_8\">Training and advice on risks of the food industry at a national and international level<\/p><\/li><li><p class=\"font_8\">Development of management and communication tools for times of crisis<\/p><\/li><li><p class=\"font_8\">Analysis of vulnerabilities to intentional adulteration and preparation of food defense plans<\/p><\/li><li><p class=\"font_8\">Advice and preparation of food fraud prevention plans<\/p><\/li><\/ul>\t\t\t\t\t\t\t\t<\/div>\n\t\t\t\t<\/div>\n\t\t\t\t\t<\/div>\n\t\t<\/div>\n\t\t\t\t\t<\/div>\n\t\t<\/section>\n\t\t\t\t<section class=\"elementor-section elementor-top-section elementor-element elementor-element-7d072d1 elementor-section-boxed elementor-section-height-default elementor-section-height-default\" data-id=\"7d072d1\" data-element_type=\"section\" data-e-type=\"section\">\n\t\t\t\t\t\t<div class=\"elementor-container elementor-column-gap-default\">\n\t\t\t\t\t<div class=\"elementor-column elementor-col-100 elementor-top-column elementor-element elementor-element-f1c3049\" data-id=\"f1c3049\" data-element_type=\"column\" data-e-type=\"column\">\n\t\t\t<div class=\"elementor-widget-wrap elementor-element-populated\">\n\t\t\t\t\t\t<div class=\"elementor-element elementor-element-2d69ead elementor-widget elementor-widget-heading\" data-id=\"2d69ead\" data-element_type=\"widget\" data-e-type=\"widget\" data-widget_type=\"heading.default\">\n\t\t\t\t<div class=\"elementor-widget-container\">\n\t\t\t\t\t<h2 class=\"elementor-heading-title elementor-size-default\">Get the information and guidance you need!<\/h2>\t\t\t\t<\/div>\n\t\t\t\t<\/div>\n\t\t\t\t\t<\/div>\n\t\t<\/div>\n\t\t\t\t\t<\/div>\n\t\t<\/section>\n\t\t\t\t<section class=\"elementor-section elementor-top-section elementor-element elementor-element-fa2049a elementor-section-boxed elementor-section-height-default elementor-section-height-default\" data-id=\"fa2049a\" data-element_type=\"section\" data-e-type=\"section\">\n\t\t\t\t\t\t<div class=\"elementor-container elementor-column-gap-default\">\n\t\t\t\t\t<div class=\"elementor-column elementor-col-33 elementor-top-column elementor-element elementor-element-bf35ced\" data-id=\"bf35ced\" data-element_type=\"column\" data-e-type=\"column\">\n\t\t\t<div class=\"elementor-widget-wrap elementor-element-populated\">\n\t\t\t\t\t\t<div class=\"elementor-element elementor-element-87106ad elementor-cta--layout-image-above elementor-cta--skin-classic elementor-animated-content elementor-bg-transform elementor-bg-transform-zoom-in elementor-widget elementor-widget-call-to-action\" data-id=\"87106ad\" data-element_type=\"widget\" data-e-type=\"widget\" data-widget_type=\"call-to-action.default\">\n\t\t\t\t<div class=\"elementor-widget-container\">\n\t\t\t\t\t\t\t<div class=\"elementor-cta\">\n\t\t\t\t\t<div class=\"elementor-cta__bg-wrapper\">\n\t\t\t\t<div class=\"elementor-cta__bg elementor-bg\" style=\"background-image: url(https:\/\/latam.achesongroup.com\/wp-content\/uploads\/2022\/11\/businesswoman-using-phone-2022-02-01-22-38-48-utc-scaled.jpg);\" role=\"img\" aria-label=\"Young businesswoman in protective mask working online on her mobile phone at office\"><\/div>\n\t\t\t\t<div class=\"elementor-cta__bg-overlay\"><\/div>\n\t\t\t<\/div>\n\t\t\t\t\t\t\t<div class=\"elementor-cta__content\">\n\t\t\t\t\n\t\t\t\t\t\t\t\t\t<h2 class=\"elementor-cta__title elementor-cta__content-item elementor-content-item\">\n\t\t\t\t\t\tTelephone Consulting\t\t\t\t\t<\/h2>\n\t\t\t\t\n\t\t\t\t\n\t\t\t\t\t\t\t<\/div>\n\t\t\t\t\t\t<\/div>\n\t\t\t\t\t\t<\/div>\n\t\t\t\t<\/div>\n\t\t\t\t\t<\/div>\n\t\t<\/div>\n\t\t\t\t<div class=\"elementor-column elementor-col-33 elementor-top-column elementor-element elementor-element-63d58e4\" data-id=\"63d58e4\" data-element_type=\"column\" data-e-type=\"column\">\n\t\t\t<div class=\"elementor-widget-wrap elementor-element-populated\">\n\t\t\t\t\t\t<div class=\"elementor-element elementor-element-9f71737 elementor-cta--skin-classic elementor-animated-content elementor-bg-transform elementor-bg-transform-zoom-in elementor-widget elementor-widget-call-to-action\" data-id=\"9f71737\" data-element_type=\"widget\" data-e-type=\"widget\" data-widget_type=\"call-to-action.default\">\n\t\t\t\t<div class=\"elementor-widget-container\">\n\t\t\t\t\t\t\t<div class=\"elementor-cta\">\n\t\t\t\t\t<div class=\"elementor-cta__bg-wrapper\">\n\t\t\t\t<div class=\"elementor-cta__bg elementor-bg\" style=\"background-image: url(https:\/\/latam.achesongroup.com\/wp-content\/uploads\/2022\/11\/black-woman-manager-having-virtual-meeting-with-di-2021-10-19-16-09-53-utc-1024x683.jpg);\" role=\"img\" aria-label=\"Black woman manager leader having team chat virtual meeting group video conference call with diverse business people remote working online at home office. Teleconference concept. Over shoulder view\"><\/div>\n\t\t\t\t<div class=\"elementor-cta__bg-overlay\"><\/div>\n\t\t\t<\/div>\n\t\t\t\t\t\t\t<div class=\"elementor-cta__content\">\n\t\t\t\t\n\t\t\t\t\t\t\t\t\t<h2 class=\"elementor-cta__title elementor-cta__content-item elementor-content-item\">\n\t\t\t\t\t\tRemote Trainings\t\t\t\t\t<\/h2>\n\t\t\t\t\n\t\t\t\t\n\t\t\t\t\t\t\t<\/div>\n\t\t\t\t\t\t<\/div>\n\t\t\t\t\t\t<\/div>\n\t\t\t\t<\/div>\n\t\t\t\t\t<\/div>\n\t\t<\/div>\n\t\t\t\t<div class=\"elementor-column elementor-col-33 elementor-top-column elementor-element elementor-element-225bcff\" data-id=\"225bcff\" data-element_type=\"column\" data-e-type=\"column\">\n\t\t\t<div class=\"elementor-widget-wrap elementor-element-populated\">\n\t\t\t\t\t\t<div class=\"elementor-element elementor-element-28cae2a elementor-cta--skin-classic elementor-animated-content elementor-bg-transform elementor-bg-transform-zoom-in elementor-widget elementor-widget-call-to-action\" data-id=\"28cae2a\" data-element_type=\"widget\" data-e-type=\"widget\" data-widget_type=\"call-to-action.default\">\n\t\t\t\t<div class=\"elementor-widget-container\">\n\t\t\t\t\t\t\t<div class=\"elementor-cta\">\n\t\t\t\t\t<div class=\"elementor-cta__bg-wrapper\">\n\t\t\t\t<div class=\"elementor-cta__bg elementor-bg\" style=\"background-image: url(https:\/\/latam.achesongroup.com\/wp-content\/uploads\/2022\/11\/a-portrait-of-a-caucasian-female-technician-near-t-2022-03-04-02-35-02-utc-scaled.jpg);\" role=\"img\" aria-label=\"A portrait of a Caucasian female technician near the processing tanks of a bottled water facility.\"><\/div>\n\t\t\t\t<div class=\"elementor-cta__bg-overlay\"><\/div>\n\t\t\t<\/div>\n\t\t\t\t\t\t\t<div class=\"elementor-cta__content\">\n\t\t\t\t\n\t\t\t\t\t\t\t\t\t<h2 class=\"elementor-cta__title elementor-cta__content-item elementor-content-item\">\n\t\t\t\t\t\tvisits\t\t\t\t\t<\/h2>\n\t\t\t\t\n\t\t\t\t\n\t\t\t\t\t\t\t<\/div>\n\t\t\t\t\t\t<\/div>\n\t\t\t\t\t\t<\/div>\n\t\t\t\t<\/div>\n\t\t\t\t\t<\/div>\n\t\t<\/div>\n\t\t\t\t\t<\/div>\n\t\t<\/section>\n\t\t\t\t<section class=\"elementor-section elementor-top-section elementor-element elementor-element-162ebc8 elementor-section-boxed elementor-section-height-default elementor-section-height-default\" data-id=\"162ebc8\" data-element_type=\"section\" data-e-type=\"section\">\n\t\t\t\t\t\t<div class=\"elementor-container elementor-column-gap-default\">\n\t\t\t\t\t<div class=\"elementor-column elementor-col-100 elementor-top-column elementor-element elementor-element-5dccb6a\" data-id=\"5dccb6a\" data-element_type=\"column\" data-e-type=\"column\">\n\t\t\t<div class=\"elementor-widget-wrap elementor-element-populated\">\n\t\t\t\t\t\t<div class=\"elementor-element elementor-element-79658b3 elementor-widget elementor-widget-text-editor\" data-id=\"79658b3\" data-element_type=\"widget\" data-e-type=\"widget\" data-widget_type=\"text-editor.default\">\n\t\t\t\t<div class=\"elementor-widget-container\">\n\t\t\t\t\t\t\t\t\t<p class=\"font_8\">Learn how TAG Latin America can help your company ensure food safety and protect your brand.<\/p><p class=\"font_8\"><span class=\"wixGuard\">\u200b<\/span>Contact us today!<\/p>\t\t\t\t\t\t\t\t<\/div>\n\t\t\t\t<\/div>\n\t\t\t\t\t<\/div>\n\t\t<\/div>\n\t\t\t\t\t<\/div>\n\t\t<\/section>\n\t\t\t\t<\/div>","protected":false},"excerpt":{"rendered":"<p>Nuestros Servicios Ofreciendo Servicios Pr\u00e1cticos de Consultor\u00eda en Inocuidad Alimentaria Apoyados en a\u00f1os de experiencia en ayudar a empresas a lo largo de la cadena<span class=\"more-button\"><a href=\"https:\/\/latam.achesongroup.com\/en\/nuestros-servicios\/\" class=\"more-link\">Continue reading<span class=\"screen-reader-text\">Our Services<\/span><\/a><\/a><\/p>","protected":false},"author":2,"featured_media":0,"parent":0,"menu_order":0,"comment_status":"closed","ping_status":"closed","template":"elementor_header_footer","meta":{"footnotes":""},"class_list":["post-12678","page","type-page","status-publish","hentry"],"_links":{"self":[{"href":"https:\/\/latam.achesongroup.com\/en\/wp-json\/wp\/v2\/pages\/12678","targetHints":{"allow":["GET"]}}],"collection":[{"href":"https:\/\/latam.achesongroup.com\/en\/wp-json\/wp\/v2\/pages"}],"about":[{"href":"https:\/\/latam.achesongroup.com\/en\/wp-json\/wp\/v2\/types\/page"}],"author":[{"embeddable":true,"href":"https:\/\/latam.achesongroup.com\/en\/wp-json\/wp\/v2\/users\/2"}],"replies":[{"embeddable":true,"href":"https:\/\/latam.achesongroup.com\/en\/wp-json\/wp\/v2\/comments?post=12678"}],"version-history":[{"count":118,"href":"https:\/\/latam.achesongroup.com\/en\/wp-json\/wp\/v2\/pages\/12678\/revisions"}],"predecessor-version":[{"id":13216,"href":"https:\/\/latam.achesongroup.com\/en\/wp-json\/wp\/v2\/pages\/12678\/revisions\/13216"}],"wp:attachment":[{"href":"https:\/\/latam.achesongroup.com\/en\/wp-json\/wp\/v2\/media?parent=12678"}],"curies":[{"name":"wp","href":"https:\/\/api.w.org\/{rel}","templated":true}]}}